{"id":437,"date":"2021-08-08T16:35:10","date_gmt":"2021-08-08T16:35:10","guid":{"rendered":"https:\/\/schmitz-traducciones.com\/?page_id=437"},"modified":"2021-08-08T18:52:17","modified_gmt":"2021-08-08T18:52:17","slug":"lokalisierung-von-websites","status":"publish","type":"page","link":"https:\/\/schmitz-traducciones.com\/de\/lokalisierung-von-websites\/","title":{"rendered":"Lokalisierung von Websites"},"content":{"rendered":"<div data-elementor-type=\"wp-page\" data-elementor-id=\"437\" class=\"elementor elementor-437\">\n\t\t\t\t\t\t<section class=\"elementor-section elementor-top-section elementor-element elementor-element-7eee11b3 elementor-section-height-min-height elementor-section-items-stretch elementor-section-boxed elementor-section-height-default\" data-id=\"7eee11b3\" data-element_type=\"section\" data-e-type=\"section\" data-settings=\"{&quot;background_background&quot;:&quot;classic&quot;}\">\n\t\t\t\t\t\t\t<div class=\"elementor-background-overlay\"><\/div>\n\t\t\t\t\t\t\t<div class=\"elementor-container elementor-column-gap-default\">\n\t\t\t\t\t<div class=\"elementor-column elementor-col-100 elementor-top-column elementor-element elementor-element-738904f7\" data-id=\"738904f7\" data-element_type=\"column\" data-e-type=\"column\">\n\t\t\t<div class=\"elementor-widget-wrap elementor-element-populated\">\n\t\t\t\t\t\t<div class=\"elementor-element elementor-element-6eb71850 elementor-widget elementor-widget-spacer\" data-id=\"6eb71850\" data-element_type=\"widget\" data-e-type=\"widget\" data-widget_type=\"spacer.default\">\n\t\t\t\t<div class=\"elementor-widget-container\">\n\t\t\t\t\t\t\t<div class=\"elementor-spacer\">\n\t\t\t<div class=\"elementor-spacer-inner\"><\/div>\n\t\t<\/div>\n\t\t\t\t\t\t<\/div>\n\t\t\t\t<\/div>\n\t\t\t\t<div class=\"elementor-element elementor-element-2e32752e elementor-widget elementor-widget-heading\" data-id=\"2e32752e\" data-element_type=\"widget\" data-e-type=\"widget\" data-widget_type=\"heading.default\">\n\t\t\t\t<div class=\"elementor-widget-container\">\n\t\t\t\t\t<h1 class=\"elementor-heading-title elementor-size-default\">Lokalisierung von Websites<\/h1>\t\t\t\t<\/div>\n\t\t\t\t<\/div>\n\t\t\t\t<div class=\"elementor-element elementor-element-9668e elementor-align-center elementor-tablet-align-center elementor-mobile-align-center elementor-invisible elementor-widget elementor-widget-button\" data-id=\"9668e\" data-element_type=\"widget\" data-e-type=\"widget\" data-settings=\"{&quot;_animation&quot;:&quot;fadeIn&quot;}\" data-widget_type=\"button.default\">\n\t\t\t\t<div class=\"elementor-widget-container\">\n\t\t\t\t\t\t\t\t\t<div class=\"elementor-button-wrapper\">\n\t\t\t\t\t<a class=\"elementor-button elementor-button-link elementor-size-md\" href=\"https:\/\/schmitz-traducciones.com\/de\/kontakt\/\">\n\t\t\t\t\t\t<span class=\"elementor-button-content-wrapper\">\n\t\t\t\t\t\t<span class=\"elementor-button-icon\">\n\t\t\t\t<i aria-hidden=\"true\" class=\"fas fa-angle-right\"><\/i>\t\t\t<\/span>\n\t\t\t\t\t\t\t\t\t<span class=\"elementor-button-text\">Anfrage senden<\/span>\n\t\t\t\t\t<\/span>\n\t\t\t\t\t<\/a>\n\t\t\t\t<\/div>\n\t\t\t\t\t\t\t\t<\/div>\n\t\t\t\t<\/div>\n\t\t\t\t\t<\/div>\n\t\t<\/div>\n\t\t\t\t\t<\/div>\n\t\t<\/section>\n\t\t\t\t<section class=\"elementor-section elementor-top-section elementor-element elementor-element-50b51b29 elementor-section-boxed elementor-section-height-default elementor-section-height-default\" data-id=\"50b51b29\" data-element_type=\"section\" data-e-type=\"section\" data-settings=\"{&quot;background_background&quot;:&quot;classic&quot;}\">\n\t\t\t\t\t\t<div class=\"elementor-container elementor-column-gap-default\">\n\t\t\t\t\t<div class=\"elementor-column elementor-col-100 elementor-top-column elementor-element elementor-element-2506901d\" data-id=\"2506901d\" data-element_type=\"column\" data-e-type=\"column\">\n\t\t\t<div class=\"elementor-widget-wrap elementor-element-populated\">\n\t\t\t\t\t\t<div class=\"elementor-element elementor-element-2519e382 elementor-widget elementor-widget-spacer\" data-id=\"2519e382\" data-element_type=\"widget\" data-e-type=\"widget\" data-widget_type=\"spacer.default\">\n\t\t\t\t<div class=\"elementor-widget-container\">\n\t\t\t\t\t\t\t<div class=\"elementor-spacer\">\n\t\t\t<div class=\"elementor-spacer-inner\"><\/div>\n\t\t<\/div>\n\t\t\t\t\t\t<\/div>\n\t\t\t\t<\/div>\n\t\t\t\t<section class=\"elementor-section elementor-top-section elementor-element elementor-element-11736e04 elementor-section-boxed elementor-section-height-default elementor-section-height-default\" data-id=\"11736e04\" data-element_type=\"section\" data-e-type=\"section\" data-settings=\"{&quot;background_background&quot;:&quot;classic&quot;}\">\n\t\t\t\t\t\t<div class=\"elementor-container elementor-column-gap-default\">\n\t\t\t\t\t<div class=\"elementor-column elementor-col-50 elementor-top-column elementor-element elementor-element-20f0abc1\" data-id=\"20f0abc1\" data-element_type=\"column\" data-e-type=\"column\">\n\t\t\t<div class=\"elementor-widget-wrap elementor-element-populated\">\n\t\t\t\t\t\t<div class=\"elementor-element elementor-element-0bdae5d elementor-widget elementor-widget-text-editor\" data-id=\"0bdae5d\" data-element_type=\"widget\" data-e-type=\"widget\" data-widget_type=\"text-editor.default\">\n\t\t\t\t<div class=\"elementor-widget-container\">\n\t\t\t\t\t\t\t\t\t<p class=\"translation-block\">Sobald es um die \u00dcbersetzung von Websites geht, spricht man von Lokalisierung. Inhalte werden <strong>passgenau auf einen lokalen Markt zugeschnitten<\/strong>. Dies ist notwendig, wenn Sie mit einer Website Menschen verschiedener L\u00e4nder und Regionen erreichen wollen. An dieser Stelle sind Sprachgeschick und Kulturkenntnisse unabdingbar. Ich helfe Ihnen gerne Ihre Website f\u00fcr verschiedene M\u00e4rkte auf Deutsch fit zu machen. Verst\u00e4ndlichkeit und Funktionalit\u00e4t stehen dabei an erster Stelle.<\/p>\t\t\t\t\t\t\t\t<\/div>\n\t\t\t\t<\/div>\n\t\t\t\t\t<\/div>\n\t\t<\/div>\n\t\t\t\t<div class=\"elementor-column elementor-col-50 elementor-top-column elementor-element elementor-element-6db1b120\" data-id=\"6db1b120\" data-element_type=\"column\" data-e-type=\"column\">\n\t\t\t<div class=\"elementor-widget-wrap elementor-element-populated\">\n\t\t\t\t\t\t<div class=\"elementor-element elementor-element-5f6ffc3 elementor-widget elementor-widget-image\" data-id=\"5f6ffc3\" data-element_type=\"widget\" data-e-type=\"widget\" data-widget_type=\"image.default\">\n\t\t\t\t<div class=\"elementor-widget-container\">\n\t\t\t\t\t\t\t\t\t\t\t\t\t\t\t<img decoding=\"async\" width=\"250\" height=\"170\" src=\"https:\/\/schmitz-traducciones.com\/wp-content\/uploads\/2021\/08\/Trados.png\" class=\"attachment-large size-large wp-image-446\" alt=\"\" srcset=\"https:\/\/schmitz-traducciones.com\/wp-content\/uploads\/2021\/08\/Trados.png 250w, https:\/\/schmitz-traducciones.com\/wp-content\/uploads\/2021\/08\/Trados-18x12.png 18w\" sizes=\"(max-width: 250px) 100vw, 250px\" \/>\t\t\t\t\t\t\t\t\t\t\t\t\t\t\t<\/div>\n\t\t\t\t<\/div>\n\t\t\t\t\t<\/div>\n\t\t<\/div>\n\t\t\t\t\t<\/div>\n\t\t<\/section>\n\t\t\t\t\t<\/div>\n\t\t<\/div>\n\t\t\t\t\t<\/div>\n\t\t<\/section>\n\t\t\t\t<\/div>","protected":false},"excerpt":{"rendered":"<p>Localizaci\u00f3n de p\u00e1ginas web Solicitar cotizaci\u00f3n Cuando se trata de la traducci\u00f3n de p\u00e1ginas web, se utiliza el t\u00e9rmino localizaci\u00f3n. Quiere decir que se adapta sus contenidos a&nbsp;un mercado local. Esto es necesario si quiere llegar con su p\u00e1gina web a personas de diferentes pa\u00edses y regiones. Aqu\u00ed conocimientos ling\u00fc\u00edsticos y culturales son sumamente importantes. [&hellip;]<\/p>\n","protected":false},"author":1,"featured_media":0,"parent":0,"menu_order":0,"comment_status":"closed","ping_status":"closed","template":"","meta":{"_uag_custom_page_level_css":"","ocean_post_layout":"","ocean_both_sidebars_style":"","ocean_both_sidebars_content_width":0,"ocean_both_sidebars_sidebars_width":0,"ocean_sidebar":"0","ocean_second_sidebar":"0","ocean_disable_margins":"enable","ocean_add_body_class":"","ocean_shortcode_before_top_bar":"","ocean_shortcode_after_top_bar":"","ocean_shortcode_before_header":"","ocean_shortcode_after_header":"","ocean_has_shortcode":"","ocean_shortcode_after_title":"","ocean_shortcode_before_footer_widgets":"","ocean_shortcode_after_footer_widgets":"","ocean_shortcode_before_footer_bottom":"","ocean_shortcode_after_footer_bottom":"","ocean_display_top_bar":"default","ocean_display_header":"default","ocean_header_style":"","ocean_center_header_left_menu":"0","ocean_custom_header_template":"0","ocean_custom_logo":0,"ocean_custom_retina_logo":0,"ocean_custom_logo_max_width":0,"ocean_custom_logo_tablet_max_width":0,"ocean_custom_logo_mobile_max_width":0,"ocean_custom_logo_max_height":0,"ocean_custom_logo_tablet_max_height":0,"ocean_custom_logo_mobile_max_height":0,"ocean_header_custom_menu":"0","ocean_menu_typo_font_family":"0","ocean_menu_typo_font_subset":"","ocean_menu_typo_font_size":0,"ocean_menu_typo_font_size_tablet":0,"ocean_menu_typo_font_size_mobile":0,"ocean_menu_typo_font_size_unit":"px","ocean_menu_typo_font_weight":"","ocean_menu_typo_font_weight_tablet":"","ocean_menu_typo_font_weight_mobile":"","ocean_menu_typo_transform":"","ocean_menu_typo_transform_tablet":"","ocean_menu_typo_transform_mobile":"","ocean_menu_typo_line_height":0,"ocean_menu_typo_line_height_tablet":0,"ocean_menu_typo_line_height_mobile":0,"ocean_menu_typo_line_height_unit":"","ocean_menu_typo_spacing":0,"ocean_menu_typo_spacing_tablet":0,"ocean_menu_typo_spacing_mobile":0,"ocean_menu_typo_spacing_unit":"","ocean_menu_link_color":"","ocean_menu_link_color_hover":"","ocean_menu_link_color_active":"","ocean_menu_link_background":"","ocean_menu_link_hover_background":"","ocean_menu_link_active_background":"","ocean_menu_social_links_bg":"","ocean_menu_social_hover_links_bg":"","ocean_menu_social_links_color":"","ocean_menu_social_hover_links_color":"","ocean_disable_title":"default","ocean_disable_heading":"default","ocean_post_title":"","ocean_post_subheading":"","ocean_post_title_style":"","ocean_post_title_background_color":"","ocean_post_title_background":0,"ocean_post_title_bg_image_position":"","ocean_post_title_bg_image_attachment":"","ocean_post_title_bg_image_repeat":"","ocean_post_title_bg_image_size":"","ocean_post_title_height":0,"ocean_post_title_bg_overlay":0.5,"ocean_post_title_bg_overlay_color":"","ocean_disable_breadcrumbs":"default","ocean_breadcrumbs_color":"","ocean_breadcrumbs_separator_color":"","ocean_breadcrumbs_links_color":"","ocean_breadcrumbs_links_hover_color":"","ocean_display_footer_widgets":"default","ocean_display_footer_bottom":"default","ocean_custom_footer_template":"0","footnotes":""},"class_list":["post-437","page","type-page","status-publish","hentry","entry"],"yoast_head":"<!-- This site is optimized with the Yoast SEO plugin v27.5 - https:\/\/yoast.com\/product\/yoast-seo-wordpress\/ -->\n<title>Lokalisierung von Websites<\/title>\n<meta name=\"robots\" content=\"index, follow, max-snippet:-1, max-image-preview:large, max-video-preview:-1\" \/>\n<link rel=\"canonical\" href=\"https:\/\/schmitz-traducciones.com\/de\/lokalisierung-von-websites\/\" \/>\n<meta property=\"og:locale\" content=\"de_DE\" \/>\n<meta property=\"og:type\" content=\"article\" \/>\n<meta property=\"og:title\" content=\"Lokalisierung von Websites\" \/>\n<meta property=\"og:description\" content=\"Localizaci\u00f3n de p\u00e1ginas web Solicitar cotizaci\u00f3n Cuando se trata de la traducci\u00f3n de p\u00e1ginas web, se utiliza el t\u00e9rmino localizaci\u00f3n. Quiere decir que se adapta sus contenidos a&nbsp;un mercado local. Esto es necesario si quiere llegar con su p\u00e1gina web a personas de diferentes pa\u00edses y regiones. Aqu\u00ed conocimientos ling\u00fc\u00edsticos y culturales son sumamente importantes. [&hellip;]\" \/>\n<meta property=\"og:url\" content=\"https:\/\/schmitz-traducciones.com\/de\/lokalisierung-von-websites\/\" \/>\n<meta property=\"og:site_name\" content=\"Schmitz Traducciones\" \/>\n<meta property=\"article:publisher\" content=\"https:\/\/www.facebook.com\/Schmitz-Traducciones-106981611649923\" \/>\n<meta property=\"article:modified_time\" content=\"2021-08-08T18:52:17+00:00\" \/>\n<meta property=\"og:image\" content=\"http:\/\/schmitz-traducciones.com\/wp-content\/uploads\/2021\/08\/Trados.png\" \/>\n<meta name=\"twitter:card\" content=\"summary_large_image\" \/>\n<meta name=\"twitter:label1\" content=\"Gesch\u00e4tzte Lesezeit\" \/>\n\t<meta name=\"twitter:data1\" content=\"1\u00a0Minute\" \/>\n<script type=\"application\/ld+json\" class=\"yoast-schema-graph\">{\"@context\":\"https:\\\/\\\/schema.org\",\"@graph\":[{\"@type\":\"WebPage\",\"@id\":\"https:\\\/\\\/schmitz-traducciones.com\\\/lokalisierung-von-websites\\\/\",\"url\":\"https:\\\/\\\/schmitz-traducciones.com\\\/lokalisierung-von-websites\\\/\",\"name\":\"Lokalisierung von Websites\",\"isPartOf\":{\"@id\":\"https:\\\/\\\/schmitz-traducciones.com\\\/#website\"},\"primaryImageOfPage\":{\"@id\":\"https:\\\/\\\/schmitz-traducciones.com\\\/lokalisierung-von-websites\\\/#primaryimage\"},\"image\":{\"@id\":\"https:\\\/\\\/schmitz-traducciones.com\\\/lokalisierung-von-websites\\\/#primaryimage\"},\"thumbnailUrl\":\"http:\\\/\\\/schmitz-traducciones.com\\\/wp-content\\\/uploads\\\/2021\\\/08\\\/Trados.png\",\"datePublished\":\"2021-08-08T16:35:10+00:00\",\"dateModified\":\"2021-08-08T18:52:17+00:00\",\"breadcrumb\":{\"@id\":\"https:\\\/\\\/schmitz-traducciones.com\\\/lokalisierung-von-websites\\\/#breadcrumb\"},\"inLanguage\":\"de\",\"potentialAction\":[{\"@type\":\"ReadAction\",\"target\":[\"https:\\\/\\\/schmitz-traducciones.com\\\/lokalisierung-von-websites\\\/\"]}]},{\"@type\":\"ImageObject\",\"inLanguage\":\"de\",\"@id\":\"https:\\\/\\\/schmitz-traducciones.com\\\/lokalisierung-von-websites\\\/#primaryimage\",\"url\":\"http:\\\/\\\/schmitz-traducciones.com\\\/wp-content\\\/uploads\\\/2021\\\/08\\\/Trados.png\",\"contentUrl\":\"http:\\\/\\\/schmitz-traducciones.com\\\/wp-content\\\/uploads\\\/2021\\\/08\\\/Trados.png\"},{\"@type\":\"BreadcrumbList\",\"@id\":\"https:\\\/\\\/schmitz-traducciones.com\\\/lokalisierung-von-websites\\\/#breadcrumb\",\"itemListElement\":[{\"@type\":\"ListItem\",\"position\":1,\"name\":\"Startseite\",\"item\":\"https:\\\/\\\/schmitz-traducciones.com\\\/\"},{\"@type\":\"ListItem\",\"position\":2,\"name\":\"Lokalisierung von Websites\"}]},{\"@type\":\"WebSite\",\"@id\":\"https:\\\/\\\/schmitz-traducciones.com\\\/#website\",\"url\":\"https:\\\/\\\/schmitz-traducciones.com\\\/\",\"name\":\"Schmitz Traducciones\",\"description\":\"Traducciones del espa\u00f1ol al alem\u00e1n en Lima\",\"publisher\":{\"@id\":\"https:\\\/\\\/schmitz-traducciones.com\\\/#organization\"},\"potentialAction\":[{\"@type\":\"SearchAction\",\"target\":{\"@type\":\"EntryPoint\",\"urlTemplate\":\"https:\\\/\\\/schmitz-traducciones.com\\\/?s={search_term_string}\"},\"query-input\":{\"@type\":\"PropertyValueSpecification\",\"valueRequired\":true,\"valueName\":\"search_term_string\"}}],\"inLanguage\":\"de\"},{\"@type\":\"Organization\",\"@id\":\"https:\\\/\\\/schmitz-traducciones.com\\\/#organization\",\"name\":\"Schmitz Traducciones\",\"url\":\"https:\\\/\\\/schmitz-traducciones.com\\\/\",\"logo\":{\"@type\":\"ImageObject\",\"inLanguage\":\"de\",\"@id\":\"https:\\\/\\\/schmitz-traducciones.com\\\/#\\\/schema\\\/logo\\\/image\\\/\",\"url\":\"https:\\\/\\\/schmitz-traducciones.com\\\/wp-content\\\/uploads\\\/2021\\\/06\\\/Logo-Schmitz-Traducciones.jpg\",\"contentUrl\":\"https:\\\/\\\/schmitz-traducciones.com\\\/wp-content\\\/uploads\\\/2021\\\/06\\\/Logo-Schmitz-Traducciones.jpg\",\"width\":650,\"height\":198,\"caption\":\"Schmitz Traducciones\"},\"image\":{\"@id\":\"https:\\\/\\\/schmitz-traducciones.com\\\/#\\\/schema\\\/logo\\\/image\\\/\"},\"sameAs\":[\"https:\\\/\\\/www.facebook.com\\\/Schmitz-Traducciones-106981611649923\",\"https:\\\/\\\/www.linkedin.com\\\/in\\\/lena-schmitz-b25787176\\\/?locale=es_ES\"]}]}<\/script>\n<!-- \/ Yoast SEO plugin. -->","yoast_head_json":{"title":"Lokalisierung von Websites","robots":{"index":"index","follow":"follow","max-snippet":"max-snippet:-1","max-image-preview":"max-image-preview:large","max-video-preview":"max-video-preview:-1"},"canonical":"https:\/\/schmitz-traducciones.com\/de\/lokalisierung-von-websites\/","og_locale":"de_DE","og_type":"article","og_title":"Lokalisierung von Websites","og_description":"Localizaci\u00f3n de p\u00e1ginas web Solicitar cotizaci\u00f3n Cuando se trata de la traducci\u00f3n de p\u00e1ginas web, se utiliza el t\u00e9rmino localizaci\u00f3n. Quiere decir que se adapta sus contenidos a&nbsp;un mercado local. Esto es necesario si quiere llegar con su p\u00e1gina web a personas de diferentes pa\u00edses y regiones. Aqu\u00ed conocimientos ling\u00fc\u00edsticos y culturales son sumamente importantes. [&hellip;]","og_url":"https:\/\/schmitz-traducciones.com\/de\/lokalisierung-von-websites\/","og_site_name":"Schmitz Traducciones","article_publisher":"https:\/\/www.facebook.com\/Schmitz-Traducciones-106981611649923","article_modified_time":"2021-08-08T18:52:17+00:00","og_image":[{"url":"http:\/\/schmitz-traducciones.com\/wp-content\/uploads\/2021\/08\/Trados.png","type":"","width":"","height":""}],"twitter_card":"summary_large_image","twitter_misc":{"Gesch\u00e4tzte Lesezeit":"1\u00a0Minute"},"schema":{"@context":"https:\/\/schema.org","@graph":[{"@type":"WebPage","@id":"https:\/\/schmitz-traducciones.com\/lokalisierung-von-websites\/","url":"https:\/\/schmitz-traducciones.com\/lokalisierung-von-websites\/","name":"Lokalisierung von Websites","isPartOf":{"@id":"https:\/\/schmitz-traducciones.com\/#website"},"primaryImageOfPage":{"@id":"https:\/\/schmitz-traducciones.com\/lokalisierung-von-websites\/#primaryimage"},"image":{"@id":"https:\/\/schmitz-traducciones.com\/lokalisierung-von-websites\/#primaryimage"},"thumbnailUrl":"http:\/\/schmitz-traducciones.com\/wp-content\/uploads\/2021\/08\/Trados.png","datePublished":"2021-08-08T16:35:10+00:00","dateModified":"2021-08-08T18:52:17+00:00","breadcrumb":{"@id":"https:\/\/schmitz-traducciones.com\/lokalisierung-von-websites\/#breadcrumb"},"inLanguage":"de","potentialAction":[{"@type":"ReadAction","target":["https:\/\/schmitz-traducciones.com\/lokalisierung-von-websites\/"]}]},{"@type":"ImageObject","inLanguage":"de","@id":"https:\/\/schmitz-traducciones.com\/lokalisierung-von-websites\/#primaryimage","url":"http:\/\/schmitz-traducciones.com\/wp-content\/uploads\/2021\/08\/Trados.png","contentUrl":"http:\/\/schmitz-traducciones.com\/wp-content\/uploads\/2021\/08\/Trados.png"},{"@type":"BreadcrumbList","@id":"https:\/\/schmitz-traducciones.com\/lokalisierung-von-websites\/#breadcrumb","itemListElement":[{"@type":"ListItem","position":1,"name":"Startseite","item":"https:\/\/schmitz-traducciones.com\/"},{"@type":"ListItem","position":2,"name":"Lokalisierung von Websites"}]},{"@type":"WebSite","@id":"https:\/\/schmitz-traducciones.com\/#website","url":"https:\/\/schmitz-traducciones.com\/","name":"Schmitz Traducciones","description":"Traducciones del espa\u00f1ol al alem\u00e1n en Lima","publisher":{"@id":"https:\/\/schmitz-traducciones.com\/#organization"},"potentialAction":[{"@type":"SearchAction","target":{"@type":"EntryPoint","urlTemplate":"https:\/\/schmitz-traducciones.com\/?s={search_term_string}"},"query-input":{"@type":"PropertyValueSpecification","valueRequired":true,"valueName":"search_term_string"}}],"inLanguage":"de"},{"@type":"Organization","@id":"https:\/\/schmitz-traducciones.com\/#organization","name":"Schmitz Traducciones","url":"https:\/\/schmitz-traducciones.com\/","logo":{"@type":"ImageObject","inLanguage":"de","@id":"https:\/\/schmitz-traducciones.com\/#\/schema\/logo\/image\/","url":"https:\/\/schmitz-traducciones.com\/wp-content\/uploads\/2021\/06\/Logo-Schmitz-Traducciones.jpg","contentUrl":"https:\/\/schmitz-traducciones.com\/wp-content\/uploads\/2021\/06\/Logo-Schmitz-Traducciones.jpg","width":650,"height":198,"caption":"Schmitz Traducciones"},"image":{"@id":"https:\/\/schmitz-traducciones.com\/#\/schema\/logo\/image\/"},"sameAs":["https:\/\/www.facebook.com\/Schmitz-Traducciones-106981611649923","https:\/\/www.linkedin.com\/in\/lena-schmitz-b25787176\/?locale=es_ES"]}]}},"uagb_featured_image_src":{"full":false,"thumbnail":false,"medium":false,"medium_large":false,"large":false,"1536x1536":false,"2048x2048":false,"trp-custom-language-flag":false,"ocean-thumb-m":false,"ocean-thumb-ml":false,"ocean-thumb-l":false},"uagb_author_info":{"display_name":"admin","author_link":"https:\/\/schmitz-traducciones.com\/de\/author\/admin\/"},"uagb_comment_info":0,"uagb_excerpt":"Localizaci\u00f3n de p\u00e1ginas web Solicitar cotizaci\u00f3n Cuando se trata de la traducci\u00f3n de p\u00e1ginas web, se utiliza el t\u00e9rmino localizaci\u00f3n. Quiere decir que se adapta sus contenidos a&nbsp;un mercado local. Esto es necesario si quiere llegar con su p\u00e1gina web a personas de diferentes pa\u00edses y regiones. Aqu\u00ed conocimientos ling\u00fc\u00edsticos y culturales son sumamente importantes.&hellip;","_links":{"self":[{"href":"https:\/\/schmitz-traducciones.com\/de\/wp-json\/wp\/v2\/pages\/437","targetHints":{"allow":["GET"]}}],"collection":[{"href":"https:\/\/schmitz-traducciones.com\/de\/wp-json\/wp\/v2\/pages"}],"about":[{"href":"https:\/\/schmitz-traducciones.com\/de\/wp-json\/wp\/v2\/types\/page"}],"author":[{"embeddable":true,"href":"https:\/\/schmitz-traducciones.com\/de\/wp-json\/wp\/v2\/users\/1"}],"replies":[{"embeddable":true,"href":"https:\/\/schmitz-traducciones.com\/de\/wp-json\/wp\/v2\/comments?post=437"}],"version-history":[{"count":10,"href":"https:\/\/schmitz-traducciones.com\/de\/wp-json\/wp\/v2\/pages\/437\/revisions"}],"predecessor-version":[{"id":492,"href":"https:\/\/schmitz-traducciones.com\/de\/wp-json\/wp\/v2\/pages\/437\/revisions\/492"}],"wp:attachment":[{"href":"https:\/\/schmitz-traducciones.com\/de\/wp-json\/wp\/v2\/media?parent=437"}],"curies":[{"name":"wp","href":"https:\/\/api.w.org\/{rel}","templated":true}]}}